{"id":3499,"date":"2023-03-16T14:38:40","date_gmt":"2023-03-16T13:38:40","guid":{"rendered":"https:\/\/footballcampagne.com\/?page_id=3499"},"modified":"2023-03-16T14:38:43","modified_gmt":"2023-03-16T13:38:43","slug":"propriete-intellectuelle","status":"publish","type":"page","link":"https:\/\/footballcampagne.com\/index.php\/propriete-intellectuelle\/","title":{"rendered":"Propri\u00e9t\u00e9 intellectuelle"},"content":{"rendered":"\n<p>Tous les \u00e9l\u00e9ments pr\u00e9sents sur le site www.footballcampagne.com, que ce soit au niveau du visuel ou au niveau sonore sont la propri\u00e9t\u00e9 de DARK TIMES CREATIVE INDUSTRIES LTD. au titre du droit d\u2019auteur. A ce titre, et \u00e0 d\u00e9faut d\u2019une autorisation \u00e9crite pr\u00e9alable par DARK TIMES CREATIVE INDUSTRIES LTD. la reproduction partielle ou totale des contenus du site footballcampagne.com est strictement interdite et fera l\u2019objet de poursuites judiciaires.<\/p>\n","protected":false},"excerpt":{"rendered":"<p>Tous les \u00e9l\u00e9ments pr\u00e9sents sur le site www.footballcampagne.com, que ce soit au niveau du visuel ou au niveau sonore sont la propri\u00e9t\u00e9 de DARK TIMES CREATIVE INDUSTRIES LTD. au titre&hellip;<\/p>\n","protected":false},"author":1,"featured_media":0,"parent":0,"menu_order":0,"comment_status":"closed","ping_status":"closed","template":"","meta":{"_eb_attr":"","episode_type":"","audio_file":"","podmotor_file_id":"","cover_image":"","cover_image_id":"","duration":"","filesize":"","filesize_raw":"","date_recorded":"","explicit":"","block":"","jetpack_post_was_ever_published":false},"aioseo_notices":[],"jetpack_sharing_enabled":true,"jetpack_shortlink":"https:\/\/wp.me\/P9eWz2-Ur","_links":{"self":[{"href":"https:\/\/footballcampagne.com\/index.php\/wp-json\/wp\/v2\/pages\/3499"}],"collection":[{"href":"https:\/\/footballcampagne.com\/index.php\/wp-json\/wp\/v2\/pages"}],"about":[{"href":"https:\/\/footballcampagne.com\/index.php\/wp-json\/wp\/v2\/types\/page"}],"author":[{"embeddable":true,"href":"https:\/\/footballcampagne.com\/index.php\/wp-json\/wp\/v2\/users\/1"}],"replies":[{"embeddable":true,"href":"https:\/\/footballcampagne.com\/index.php\/wp-json\/wp\/v2\/comments?post=3499"}],"version-history":[{"count":1,"href":"https:\/\/footballcampagne.com\/index.php\/wp-json\/wp\/v2\/pages\/3499\/revisions"}],"predecessor-version":[{"id":3500,"href":"https:\/\/footballcampagne.com\/index.php\/wp-json\/wp\/v2\/pages\/3499\/revisions\/3500"}],"wp:attachment":[{"href":"https:\/\/footballcampagne.com\/index.php\/wp-json\/wp\/v2\/media?parent=3499"}],"curies":[{"name":"wp","href":"https:\/\/api.w.org\/{rel}","templated":true}]}}