{"id":9,"date":"2017-09-30T21:01:01","date_gmt":"2017-09-30T19:01:01","guid":{"rendered":"http:\/\/footballcampagne.com\/?page_id=9"},"modified":"2017-10-10T11:11:40","modified_gmt":"2017-10-10T09:11:40","slug":"contact","status":"publish","type":"page","link":"https:\/\/footballcampagne.com\/index.php\/contact\/","title":{"rendered":"Contact"},"content":{"rendered":"<p>Pour toute question, proposition de collaboration, invitation pour couvrir les Coupe du Monde, interview de Zinedine Zidane, ou simple convocation \u00e0 boire un coup \u00e0 la buvette avant un match, n&#8217;h\u00e9sitez pas \u00e0 nous envoyer un email \u00e0 footballcampagne@gmail.com.<\/p>\n<p>La plupart de nos photos sont en vente (pas les deux horreurs ci-dessous), prix sur demande.<\/p>\n<p><a href=\"http:\/\/www.jeremieroturier.com\/\">Jeremie Roturier<\/a><\/p>\n<p>Adrien Picard<\/p>\n<p><img decoding=\"async\" loading=\"lazy\" class=\"alignnone wp-image-341\" src=\"https:\/\/footballcampagne.com\/wp-content\/uploads\/2017\/09\/DSCF4871_edit-683x1024.jpg\" alt=\"\" width=\"360\" height=\"540\" srcset=\"https:\/\/footballcampagne.com\/wp-content\/uploads\/2017\/09\/DSCF4871_edit-683x1024.jpg 683w, https:\/\/footballcampagne.com\/wp-content\/uploads\/2017\/09\/DSCF4871_edit-200x300.jpg 200w, https:\/\/footballcampagne.com\/wp-content\/uploads\/2017\/09\/DSCF4871_edit-768x1152.jpg 768w\" sizes=\"(max-width: 360px) 100vw, 360px\" \/>\u00a0<img decoding=\"async\" loading=\"lazy\" class=\"alignnone wp-image-392\" src=\"https:\/\/footballcampagne.com\/wp-content\/uploads\/2017\/09\/Adrien_1-683x1024.jpg\" alt=\"\" width=\"360\" height=\"540\" srcset=\"https:\/\/footballcampagne.com\/wp-content\/uploads\/2017\/09\/Adrien_1-683x1024.jpg 683w, https:\/\/footballcampagne.com\/wp-content\/uploads\/2017\/09\/Adrien_1-200x300.jpg 200w, https:\/\/footballcampagne.com\/wp-content\/uploads\/2017\/09\/Adrien_1-768x1152.jpg 768w\" sizes=\"(max-width: 360px) 100vw, 360px\" \/><\/p>\n","protected":false},"excerpt":{"rendered":"<p>Pour toute question, proposition de collaboration, invitation pour couvrir les Coupe du Monde, interview de Zinedine Zidane, ou simple convocation \u00e0 boire un coup \u00e0 la buvette avant un match,&hellip;<\/p>\n","protected":false},"author":1,"featured_media":0,"parent":0,"menu_order":0,"comment_status":"closed","ping_status":"closed","template":"","meta":{"_eb_attr":"","episode_type":"","audio_file":"","podmotor_file_id":"","cover_image":"","cover_image_id":"","duration":"","filesize":"","filesize_raw":"","date_recorded":"","explicit":"","block":"","jetpack_post_was_ever_published":false},"aioseo_notices":[],"jetpack_sharing_enabled":true,"jetpack_shortlink":"https:\/\/wp.me\/P9eWz2-9","_links":{"self":[{"href":"https:\/\/footballcampagne.com\/index.php\/wp-json\/wp\/v2\/pages\/9"}],"collection":[{"href":"https:\/\/footballcampagne.com\/index.php\/wp-json\/wp\/v2\/pages"}],"about":[{"href":"https:\/\/footballcampagne.com\/index.php\/wp-json\/wp\/v2\/types\/page"}],"author":[{"embeddable":true,"href":"https:\/\/footballcampagne.com\/index.php\/wp-json\/wp\/v2\/users\/1"}],"replies":[{"embeddable":true,"href":"https:\/\/footballcampagne.com\/index.php\/wp-json\/wp\/v2\/comments?post=9"}],"version-history":[{"count":8,"href":"https:\/\/footballcampagne.com\/index.php\/wp-json\/wp\/v2\/pages\/9\/revisions"}],"predecessor-version":[{"id":394,"href":"https:\/\/footballcampagne.com\/index.php\/wp-json\/wp\/v2\/pages\/9\/revisions\/394"}],"wp:attachment":[{"href":"https:\/\/footballcampagne.com\/index.php\/wp-json\/wp\/v2\/media?parent=9"}],"curies":[{"name":"wp","href":"https:\/\/api.w.org\/{rel}","templated":true}]}}