{"id":3346,"date":"2023-02-17T16:25:01","date_gmt":"2023-02-17T15:25:01","guid":{"rendered":"https:\/\/footballcampagne.com\/?post_type=product&#038;p=3346"},"modified":"2024-06-10T15:40:44","modified_gmt":"2024-06-10T13:40:44","slug":"tirage-photo-terrain-de-lecho","status":"publish","type":"product","link":"https:\/\/footballcampagne.com\/index.php\/product\/tirage-photo-terrain-de-lecho\/","title":{"rendered":"Tirage photo \u201cTerrain de l&#8217;\u00c9cho\u201d"},"content":{"rendered":"<p class=\"p1\"><b>Tirage Photo<span class=\"Apple-converted-space\">\u00a0<\/span><\/b><\/p>\n<p class=\"p1\">&#8211; Tirage seul: 50x75cm, 30x45cm (dimensions photo)<br \/>\n&#8211; Tirage avec encadrement: 60x80cm, 40x50cm (dimensions cadre) \/ 50x75cm, 30x45cm (dimensions photo)<\/p>\n<p class=\"p1\">&#8211; Papier Canson Infinity Photosatin 270g<\/p>\n<p class=\"p1\">&#8211; Cadre noir, bois, avec passe-partout, vitre plexiglas non-cassable et r\u00e9sistante aux rayures<\/p>\n<p class=\"p1\">&#8211; Formats et supports personnalis\u00e9s disponibles sur demande : <a href=\"mailto:jeremie.roturier@gmail.com\"><span class=\"s1\">jeremie.roturier@gmail.com<\/span><\/a>.<\/p>\n","protected":false},"excerpt":{"rendered":"<p class=\"p1\">Pour ce terrain de la commune de Leschaux, perch\u00e9 entre les sommets, j\u2019ai choisi de transformer le lien de la cr\u00e9ation, habituellement mat\u00e9rialis\u00e9 par les cages, et ainsi utiliser le prolongement de la montagne pour lier le tout. L\u2019id\u00e9e \u00e9tant de cr\u00e9er une perspective diff\u00e9rente mais intaclable.<\/p>\n<p class=\"p1\"><b>Terrain de l\u2019\u00c9cho<br \/>\n<\/b><\/p>\n<p class=\"p1\">Disponible en tirage seul (50&#215;75, 30&#215;45) ou avec encadrement (60&#215;80, 40&#215;50)<br \/>\nPapier Canson Infinity Photosatin 270g<br \/>\nCadre noir, bois, avec passe-partout, vitre plexiglas r\u00e9sistante aux rayures.<br \/>\nPour d\u2019autres formats ou supports, nous contacter : <a href=\"mailto:jeremie.roturier@gmail.com\"><span class=\"s1\">jeremie.roturier@gmail.com<\/span><\/a><\/p>\n","protected":false},"featured_media":3318,"comment_status":"closed","ping_status":"closed","template":"","meta":{"_eb_attr":"","episode_type":"","audio_file":"","podmotor_file_id":"","cover_image":"","cover_image_id":"","duration":"","filesize":"","filesize_raw":"","date_recorded":"","explicit":"","block":"","jetpack_post_was_ever_published":false,"jetpack_publicize_message":"","jetpack_is_tweetstorm":false,"jetpack_publicize_feature_enabled":true,"jetpack_social_post_already_shared":true,"jetpack_social_options":[]},"product_cat":[1301],"product_tag":[],"jetpack_publicize_connections":[],"aioseo_notices":[],"jetpack_sharing_enabled":true,"_links":{"self":[{"href":"https:\/\/footballcampagne.com\/index.php\/wp-json\/wp\/v2\/product\/3346"}],"collection":[{"href":"https:\/\/footballcampagne.com\/index.php\/wp-json\/wp\/v2\/product"}],"about":[{"href":"https:\/\/footballcampagne.com\/index.php\/wp-json\/wp\/v2\/types\/product"}],"replies":[{"embeddable":true,"href":"https:\/\/footballcampagne.com\/index.php\/wp-json\/wp\/v2\/comments?post=3346"}],"wp:featuredmedia":[{"embeddable":true,"href":"https:\/\/footballcampagne.com\/index.php\/wp-json\/wp\/v2\/media\/3318"}],"wp:attachment":[{"href":"https:\/\/footballcampagne.com\/index.php\/wp-json\/wp\/v2\/media?parent=3346"}],"wp:term":[{"taxonomy":"product_cat","embeddable":true,"href":"https:\/\/footballcampagne.com\/index.php\/wp-json\/wp\/v2\/product_cat?post=3346"},{"taxonomy":"product_tag","embeddable":true,"href":"https:\/\/footballcampagne.com\/index.php\/wp-json\/wp\/v2\/product_tag?post=3346"}],"curies":[{"name":"wp","href":"https:\/\/api.w.org\/{rel}","templated":true}]}}